{"id":25955,"date":"2020-04-20T11:29:30","date_gmt":"2020-04-20T09:29:30","guid":{"rendered":"https:\/\/www.mago.com\/?page_id=25955\/"},"modified":"2020-06-02T09:44:18","modified_gmt":"2020-06-02T07:44:18","slug":"covid-19-loesungen-zur-risikominderung","status":"publish","type":"page","link":"https:\/\/www.mago.com\/de\/covid-19-loesungen-zur-risikominderung\/","title":{"rendered":"Wir m\u00f6chten Ihnen unsere L\u00f6sungen zur Minimierung der Gefahr einer Infektion mit COVID-19 pr\u00e4sentieren"},"content":{"rendered":"<p class=\"MsoNormal\" style=\"margin: 0cm 0cm 8pt; line-height: 15.546667098999023px; font-size: 11pt; font-family: Calibri, sans-serif; caret-color: #000000; color: #000000; -webkit-text-size-adjust: auto; text-align: justify;\"><span lang=\"DE\" style=\"font-size: 12pt; line-height: 16.959999084472656px; font-family: helvetica, arial, sans-serif;\">Das Unternehmen MAGO unterst\u00fctzt seit \u00fcber 30 Jahren die gesch\u00e4ftliche T\u00e4tigkeit seiner Kunden. Wir bieten L\u00f6sungen zur Gestaltung einer funktionellen Handelsfl\u00e4che und der Sicherheit des Einkaufs, im Bereich der Kommunikationssysteme mit den Kunden und der Unterst\u00fctzung f\u00fcr E-Commerce bei effizienter Abwicklung von Bestellungen.<\/span><\/p>\n<p class=\"MsoNormal\" style=\"margin: 0cm 0cm 8pt; line-height: 15.546667098999023px; font-size: 11pt; font-family: Calibri, sans-serif; caret-color: #000000; color: #000000; -webkit-text-size-adjust: auto; text-align: justify;\"><span lang=\"DE\" style=\"font-size: 12pt; line-height: 16.959999084472656px; font-family: helvetica, arial, sans-serif;\">Eine schnelle Reaktion auf die aktuelle Lage der Retail-Branche ist unsere Priorit\u00e4t und Pflicht.<\/span><\/p>\n<p class=\"MsoNormal\" style=\"margin: 0cm 0cm 8pt; line-height: 15.546667098999023px; font-size: 11pt; font-family: Calibri, sans-serif; caret-color: #000000; color: #000000; -webkit-text-size-adjust: auto; text-align: justify;\"><span lang=\"DE\" style=\"font-size: 12pt; line-height: 16.959999084472656px; font-family: helvetica, arial, sans-serif;\">Unser Hauptziel ist jetzt eine professionelle Hilfe f\u00fcr Einzelh\u00e4ndler, die sowohl ihren Kunden als auch ihren Mitarbeitern einen Schutz vor der COVID-19-Infektion sichert sowie das Anbieten von L\u00f6sungen, die unseren Kunden einen effektiven Betrieb und eine langfristige Entwicklung erm\u00f6glichen.<\/span><\/p>\n<p class=\"MsoNormal\" style=\"margin: 0cm 0cm 8pt; line-height: 15.546667098999023px; font-size: 11pt; font-family: Calibri, sans-serif; caret-color: #000000; color: #000000; -webkit-text-size-adjust: auto; text-align: justify;\"><span lang=\"DE\" style=\"font-size: 12pt; line-height: 16.959999084472656px; font-family: helvetica, arial, sans-serif;\">Dazu m\u00f6chten wir Ihnen einige praktische L\u00f6sungen vorschlagen, mit denen man die Sicherheit der Kunden und der Mitarbeiter auf der Verkaufsfl\u00e4che verbessern kann.<\/span><\/p>\n<p class=\"MsoNormal\" style=\"margin: 0cm 0cm 8pt; line-height: 15.546667098999023px; font-size: 11pt; font-family: Calibri, sans-serif; caret-color: #000000; color: #000000; -webkit-text-size-adjust: auto; text-align: justify;\"><span lang=\"DE\" style=\"font-size: 12pt; line-height: 16.959999084472656px; font-family: helvetica, arial, sans-serif;\">Unsere L\u00f6sungen haben keinen provisorischen und vorl\u00e4ufigen Charakter. Obwohl sie unter den aktuellen Umst\u00e4nden vor allem die Sicherheit und effiziente Abl\u00e4ufe auf der<\/span><\/p>\n<p class=\"MsoNormal\" style=\"margin: 0cm 0cm 8pt; line-height: 15.546667098999023px; font-size: 11pt; font-family: Calibri, sans-serif; caret-color: #000000; color: #000000; -webkit-text-size-adjust: auto; text-align: justify;\"><span lang=\"DE\" style=\"font-size: 12pt; line-height: 16.959999084472656px; font-family: helvetica, arial, sans-serif;\">\u00a0Handelsfl\u00e4che garantieren sollen, bieten sie auch eine Reihe von Funktionen und Hilfen f\u00fcr die Gestaltung der Abl\u00e4ufe, die einen positiven Einfluss auf die Customer Experience haben, die Kosten reduzieren, den Umsatz steigern und eine nachhaltige Entwicklung in der Retail 4.0 Welt gew\u00e4hrleisten.<\/span><\/p>\n<p class=\"MsoNormal\" style=\"margin: 0cm 0cm 8pt; line-height: 15.546667098999023px; font-size: 11pt; font-family: Calibri, sans-serif; caret-color: #000000; color: #000000; -webkit-text-size-adjust: auto; text-align: justify;\"><span lang=\"DE\" style=\"font-size: 12pt; line-height: 16.959999084472656px; font-family: helvetica, arial, sans-serif;\">\u00a0<\/span><\/p>\n<p class=\"MsoNormal\" style=\"margin: 0cm 0cm 8pt; line-height: 15.546667098999023px; font-size: 11pt; font-family: Calibri, sans-serif; caret-color: #000000; color: #000000; -webkit-text-size-adjust: auto; text-align: justify;\"><span lang=\"DE\" style=\"font-size: 12pt; line-height: 16.959999084472656px; font-family: helvetica, arial, sans-serif;\"><strong>HOTLINE<\/strong> \u2013 Sie k\u00f6nnen uns gern unter der Telefonnummer +48 22 223 44 25 kontaktieren.<\/span><\/p>\n<p class=\"MsoNormal\" style=\"margin: 0cm 0cm 8pt; line-height: 15.546667098999023px; font-size: 11pt; font-family: Calibri, sans-serif; caret-color: #000000; color: #000000; -webkit-text-size-adjust: auto; text-align: justify;\"><span lang=\"DE\" style=\"font-size: 12pt; line-height: 16.959999084472656px; font-family: helvetica, arial, sans-serif;\">Unter unserer Hotline-Nummer beraten wir Sie und bieten Unterst\u00fctzung im Rahmen der Schutzma\u00dfnahmen zur Vorbeugung einer Ansteckung mit COVID-19 im Laden f\u00fcr Kunden und Mitarbeiter. Gern beraten wir Sie auch zu den M\u00f6glichkeiten, das aktuelle Gesch\u00e4ftsmodell anders zu gestalten und Ihnen neue Entwicklungswege aufzuzeigen.<\/span><\/p>\n<p class=\"MsoNormal\" style=\"margin: 0cm 0cm 8pt; line-height: 15.546667098999023px; font-size: 11pt; font-family: Calibri, sans-serif; caret-color: #000000; color: #000000; -webkit-text-size-adjust: auto; text-align: justify;\"><span style=\"font-family: helvetica, arial, sans-serif;\"><em><span lang=\"DE\" style=\"font-size: 12pt; line-height: 16.959999084472656px;\">*Die Beratung ist kostenlos und verpflichtet zu keiner Bestellung.<\/span><\/em><\/span><\/p>\n<p class=\"MsoNormal\" style=\"margin: 0cm 0cm 8pt; line-height: 15.546667098999023px; font-size: 11pt; font-family: Calibri, sans-serif; caret-color: #000000; color: #000000; -webkit-text-size-adjust: auto; text-align: justify;\"><span lang=\"DE\" style=\"font-size: 12pt; line-height: 16.959999084472656px; font-family: helvetica, arial, sans-serif;\">\u00a0<\/span><\/p>\n<p class=\"MsoNormal\" style=\"margin: 0cm 0cm 8pt; line-height: 15.546667098999023px; font-size: 11pt; font-family: Calibri, sans-serif; caret-color: #000000; color: #000000; -webkit-text-size-adjust: auto; text-align: justify;\"><span lang=\"DE\" style=\"font-size: 12pt; line-height: 16.959999084472656px;\"><span style=\"font-family: helvetica, arial, sans-serif;\"><strong>EXPERTENTEAM<\/strong> \u2013 wir haben eine spezielle Fachgruppe gebildet, die eine Unterst\u00fctzung im Bereich der Bek\u00e4mpfung von COVID-19-Gefahren und der effektiven Gestaltung von Gesch\u00e4ftsabl\u00e4ufen bietet. Unser Team beratet Sie gern zur Vorbereitung auf die kurz- und langfristigen Herausforderungen auf dem Markt w\u00e4hrend der Coronavirus-Pandemie.<\/span><\/span><\/p>\n","protected":false},"excerpt":{"rendered":"<p>Das Unternehmen MAGO unterst\u00fctzt seit \u00fcber 30 Jahren die gesch\u00e4ftliche T\u00e4tigkeit seiner Kunden. Wir bieten L\u00f6sungen zur Gestaltung einer funktionellen Handelsfl\u00e4che und der Sicherheit des Einkaufs, im Bereich der Kommunikationssysteme mit den Kunden und der Unterst\u00fctzung f\u00fcr E-Commerce bei effizienter Abwicklung von Bestellungen. Eine schnelle Reaktion auf die aktuelle Lage der Retail-Branche ist unsere Priorit\u00e4t [&hellip;]<\/p>\n","protected":false},"author":1,"featured_media":0,"parent":0,"menu_order":14,"comment_status":"closed","ping_status":"closed","template":"templates\/tpl-special-offers.php","meta":{"inline_featured_image":false},"_links":{"self":[{"href":"https:\/\/www.mago.com\/de\/wp-json\/wp\/v2\/pages\/25955"}],"collection":[{"href":"https:\/\/www.mago.com\/de\/wp-json\/wp\/v2\/pages"}],"about":[{"href":"https:\/\/www.mago.com\/de\/wp-json\/wp\/v2\/types\/page"}],"author":[{"embeddable":true,"href":"https:\/\/www.mago.com\/de\/wp-json\/wp\/v2\/users\/1"}],"replies":[{"embeddable":true,"href":"https:\/\/www.mago.com\/de\/wp-json\/wp\/v2\/comments?post=25955"}],"version-history":[{"count":15,"href":"https:\/\/www.mago.com\/de\/wp-json\/wp\/v2\/pages\/25955\/revisions"}],"predecessor-version":[{"id":26603,"href":"https:\/\/www.mago.com\/de\/wp-json\/wp\/v2\/pages\/25955\/revisions\/26603"}],"wp:attachment":[{"href":"https:\/\/www.mago.com\/de\/wp-json\/wp\/v2\/media?parent=25955"}],"curies":[{"name":"wp","href":"https:\/\/api.w.org\/{rel}","templated":true}]}}